{"id":799,"date":"2021-08-11T20:31:42","date_gmt":"2021-08-11T20:31:42","guid":{"rendered":"https:\/\/aral.com.mx\/?post_type=product&#038;p=799"},"modified":"2021-08-11T20:31:49","modified_gmt":"2021-08-11T20:31:49","slug":"colageno-dermico","status":"publish","type":"product","link":"https:\/\/aral.com.mx\/index.php\/product\/colageno-dermico\/","title":{"rendered":"Col\u00e1geno Dermico"},"content":{"rendered":"<p>Entregamos la bondad de un producto sumamente hidratante y humectante que mantendr\u00e1 tu piel con un matiz \u00fanico ya que con esa extra hidrataci\u00f3n y sus vitaminas C y E mas la fusion de nuestro potente col\u00e1geno te entregan una acci\u00f3n antioxidante y reparadora. sustituyendo asi las cremas hidratantes est\u00e1ndares para que en tu piel siempre tengas la entrega de un poderoso col\u00e1geno.<\/p>\n<p>&nbsp;<\/p>\n<p><strong>INGREDIENTES<\/strong><\/p>\n<p>Col\u00e1geno hidrolizado, Acido retindico, Elastina, Jojoba, P\u00e9ptidos, Manteca de karite, Vitamina E, Queratina<\/p>\n<p>&nbsp;<\/p>\n<p><strong>USO RECOMENDADO<\/strong><\/p>\n<p>Aplicar a libre voluntad o cada que la piel requiera humectaci\u00f3n, preferente con manos y rostro limpio.<\/p>\n","protected":false},"excerpt":{"rendered":"<p>CONT. 50ML<\/p>\n<p>ENVASE <strong>AIRLESS<\/strong><\/p>\n","protected":false},"featured_media":800,"template":"","meta":[],"product_cat":[29],"product_tag":[],"class_list":["post-799","product","type-product","status-publish","has-post-thumbnail","hentry","product_cat-reparacion-y-regeneracion"],"_links":{"self":[{"href":"https:\/\/aral.com.mx\/index.php\/wp-json\/wp\/v2\/product\/799"}],"collection":[{"href":"https:\/\/aral.com.mx\/index.php\/wp-json\/wp\/v2\/product"}],"about":[{"href":"https:\/\/aral.com.mx\/index.php\/wp-json\/wp\/v2\/types\/product"}],"wp:featuredmedia":[{"embeddable":true,"href":"https:\/\/aral.com.mx\/index.php\/wp-json\/wp\/v2\/media\/800"}],"wp:attachment":[{"href":"https:\/\/aral.com.mx\/index.php\/wp-json\/wp\/v2\/media?parent=799"}],"wp:term":[{"taxonomy":"product_cat","embeddable":true,"href":"https:\/\/aral.com.mx\/index.php\/wp-json\/wp\/v2\/product_cat?post=799"},{"taxonomy":"product_tag","embeddable":true,"href":"https:\/\/aral.com.mx\/index.php\/wp-json\/wp\/v2\/product_tag?post=799"}],"curies":[{"name":"wp","href":"https:\/\/api.w.org\/{rel}","templated":true}]}}