{"id":793,"date":"2021-08-11T18:51:12","date_gmt":"2021-08-11T18:51:12","guid":{"rendered":"https:\/\/aral.com.mx\/?post_type=product&#038;p=793"},"modified":"2021-08-11T18:51:12","modified_gmt":"2021-08-11T18:51:12","slug":"colageno-efecto-botox","status":"publish","type":"product","link":"https:\/\/aral.com.mx\/index.php\/product\/colageno-efecto-botox\/","title":{"rendered":"Col\u00e1geno Efecto Botox"},"content":{"rendered":"<p>Proporciona un activo con efecto tensor en la piel que se asemeja a la toxina botul\u00ednica (BOTOX) sin sus contraproducentes efectos que conllevan pero no solo da el efecto fijador, si no que su poderoso col\u00e1geno estar\u00e1 reparando esa linea de expresi\u00f3n de ra\u00edz. Y a diferencia de los productos tensores que solo da\u00f1an y acartonan tu piel con este colageno tendr\u00e1s realmente resultados regeneradores. Es muy sutil y delicioso. Desc\u00fabrelo tu misma y mant\u00e9n tu piel joven y bella.<\/p>\n<p>&nbsp;<\/p>\n<p><strong>INGREDIENTES<\/strong><\/p>\n<p>Colageno hidrolizado, Nioxinol activo BOTOX, Elastina, Exipientes antioxidantes, Anti radicales libres<\/p>\n<p>Activo Snowage, Lipobelle-Soyaglicone<\/p>\n<p>&nbsp;<\/p>\n<p><strong>USO RECOMENDADO<\/strong><\/p>\n<p>Se debe aplicar en rostra reci\u00e9n lavado con jab\u00f3n neutro, en las zonas que necesitamos reafirmar. No aplicar en los ojos.<\/p>\n<p>El col\u00e1geno efecto botox, disminuye notablemente las arrugas en el rostra en menor tiempo, complemento perfecto para la reparaci\u00f3n intensiva.<\/p>\n","protected":false},"excerpt":{"rendered":"<p>CONT. 30ML<\/p>\n<p>ENVASE <strong>AIRLESS<\/strong><\/p>\n","protected":false},"featured_media":794,"template":"","meta":[],"product_cat":[29],"product_tag":[],"class_list":["post-793","product","type-product","status-publish","has-post-thumbnail","hentry","product_cat-reparacion-y-regeneracion"],"_links":{"self":[{"href":"https:\/\/aral.com.mx\/index.php\/wp-json\/wp\/v2\/product\/793"}],"collection":[{"href":"https:\/\/aral.com.mx\/index.php\/wp-json\/wp\/v2\/product"}],"about":[{"href":"https:\/\/aral.com.mx\/index.php\/wp-json\/wp\/v2\/types\/product"}],"wp:featuredmedia":[{"embeddable":true,"href":"https:\/\/aral.com.mx\/index.php\/wp-json\/wp\/v2\/media\/794"}],"wp:attachment":[{"href":"https:\/\/aral.com.mx\/index.php\/wp-json\/wp\/v2\/media?parent=793"}],"wp:term":[{"taxonomy":"product_cat","embeddable":true,"href":"https:\/\/aral.com.mx\/index.php\/wp-json\/wp\/v2\/product_cat?post=793"},{"taxonomy":"product_tag","embeddable":true,"href":"https:\/\/aral.com.mx\/index.php\/wp-json\/wp\/v2\/product_tag?post=793"}],"curies":[{"name":"wp","href":"https:\/\/api.w.org\/{rel}","templated":true}]}}