{"id":790,"date":"2021-08-11T18:34:40","date_gmt":"2021-08-11T18:34:40","guid":{"rendered":"https:\/\/aral.com.mx\/?post_type=product&#038;p=790"},"modified":"2021-08-18T23:13:02","modified_gmt":"2021-08-18T23:13:02","slug":"serum-de-colageno-oxigeno","status":"publish","type":"product","link":"https:\/\/aral.com.mx\/index.php\/product\/serum-de-colageno-oxigeno\/","title":{"rendered":"Serum de Col\u00e1geno +Oxigeno"},"content":{"rendered":"<p>Funci\u00f3n activa; atravesamos la barrera d\u00e9rmica con la ayuda de su oxigeno activo entregandote sus poderosos activos y col\u00e1geno en el area celular bajo la piel donde va a reparar de ra\u00edz las arrugas y signos de expresi\u00f3n y claro los antioxidantes ayudan a regenerar nuestras c\u00e9lulas y evitar el envejecimiento prematura.<\/p>\n<p>&nbsp;<\/p>\n<p><strong>INGREDIENTES<\/strong><\/p>\n<p>Col\u00e1geno hidrolizado, Acido hialurdnico, Oxigeno activo 0.07, Activo Snowage\u00ae, Ceramidas, Antioxidantes, Anti radicales libres, Lipobelle-Soyaglicone\u00ae, \u00a0Vinup Lift\u00ae<\/p>\n<p>&nbsp;<\/p>\n<p><strong>USO RECOMENDADO<\/strong><\/p>\n<p>Se debe aplicar en rostro reci\u00e9n lavado con jab\u00f3n neutro, en las zonas que vamos a reparar y regenerar. Se<br \/>\nrecomienda no aplicar en parpados, ya que los altos niveles de col\u00e1geno pueden llegar a provocar<br \/>\nincomodidad. <b>Se recomienda usar uno mas o la gama de col\u00e1genos\u00a0para una reparacion enfocada, profunda y acelerada.<\/b><\/p>\n<p>&nbsp;<\/p>\n<p><strong>APLICACION<\/strong><\/p>\n<p>Producto base, se puede usar 2 o 3 veces al d\u00eda con el rostro limpio para mantener siempre niveles de col\u00e1geno \u00f3ptimos de una piel joven y acelerar la reparaci\u00f3n.<\/p>\n","protected":false},"excerpt":{"rendered":"<p>CONT. 50ML<\/p>\n<p>ENVASE <strong>AIRLESS<\/strong><\/p>\n","protected":false},"featured_media":1344,"template":"","meta":[],"product_cat":[29],"product_tag":[],"class_list":["post-790","product","type-product","status-publish","has-post-thumbnail","hentry","product_cat-reparacion-y-regeneracion"],"_links":{"self":[{"href":"https:\/\/aral.com.mx\/index.php\/wp-json\/wp\/v2\/product\/790"}],"collection":[{"href":"https:\/\/aral.com.mx\/index.php\/wp-json\/wp\/v2\/product"}],"about":[{"href":"https:\/\/aral.com.mx\/index.php\/wp-json\/wp\/v2\/types\/product"}],"wp:featuredmedia":[{"embeddable":true,"href":"https:\/\/aral.com.mx\/index.php\/wp-json\/wp\/v2\/media\/1344"}],"wp:attachment":[{"href":"https:\/\/aral.com.mx\/index.php\/wp-json\/wp\/v2\/media?parent=790"}],"wp:term":[{"taxonomy":"product_cat","embeddable":true,"href":"https:\/\/aral.com.mx\/index.php\/wp-json\/wp\/v2\/product_cat?post=790"},{"taxonomy":"product_tag","embeddable":true,"href":"https:\/\/aral.com.mx\/index.php\/wp-json\/wp\/v2\/product_tag?post=790"}],"curies":[{"name":"wp","href":"https:\/\/api.w.org\/{rel}","templated":true}]}}